{"id":259,"date":"2017-01-29T20:12:56","date_gmt":"2017-01-29T19:12:56","guid":{"rendered":"http:\/\/www.urwanisch.at\/content\/?page_id=259"},"modified":"2018-11-03T14:42:04","modified_gmt":"2018-11-03T13:42:04","slug":"impressum","status":"publish","type":"page","link":"https:\/\/www.urwanisch.at\/content\/impressum\/","title":{"rendered":"Impressum"},"content":{"rendered":"<p>[vc_row][vc_column][vc_column_text]<\/p>\n<p style=\"text-align: center;\"><strong>Malermeister Urwanisch Johann<\/strong><\/p>\n<p style=\"text-align: center;\">Dunzing 20<br \/>\n4910 Pattigham<br \/>\nTelefon Nummer: 07754\/8788<br \/>\nMobil Nummer: 0676\/3483933<br \/>\nE-Mail: office@urwanisch.at<\/p>\n<p style=\"text-align: center;\">UID-Nr.: ATU53503203<br \/>\n<a href=\"http:\/\/firmena-z.wko.at\/ecg.asp?MGID=C919E33176C0A51D92EAB958DA622548\" target=\"_blank\" rel=\"noopener\">Mitgliedschaft: WKO Ober\u00f6sterreich<\/a><br \/>\nFirmenbuchgericht: Landesgericht Ried im Innkreis<\/p>\n<p style=\"text-align: center;\">Photos: Brillux, Johann Urwanisch<\/p>\n<p style=\"text-align: center;\"><strong><br \/>\nHaftungshinweis:<\/strong><br \/>\nDie Inhalte unserer Seiten wurden mit gr\u00f6\u00dftm\u00f6glicher Sorgfalt erstellt. F\u00fcr die Richtigkeit, Voll\u00adst\u00e4ndigkeit und Aktualit\u00e4t k\u00f6nnen wir jedoch keine Gew\u00e4hr \u00fcbernehmen.<br \/>\nHaftungsanspr\u00fcche gegen den Autor sind grunds\u00e4tzlich ausgeschlossen.<\/p>\n<p style=\"text-align: center;\"><strong>Online-Streitbeilegung:<\/strong><br \/>\nDie Europ\u00e4ische Kommission stellt unter https:\/\/ec.europa.eu\/consumers\/odr\/ eine Plattform zur Online-Streitbeilegung bereit, die Verbraucher f\u00fcr die Beilegung einer Streitigkeit nutzen k\u00f6nnen und auf der weitere Informationen zum Thema Streitschlichtung zu finden sind.<\/p>\n<p style=\"text-align: center;\"><strong>Au\u00dfergerichtliche Streitbeilegung:<\/strong><br \/>\nWir sind weder verpflichtet noch dazu bereit, im Falle einer Streitigkeit mit einem Verbraucher an einem Streitbeilegungsverfahren vor einer Verbraucherschlichtungsstelle teilzunehmen.<\/p>\n<p style=\"text-align: center;\"><strong>Datenschutz<\/strong><br \/>\n<a href=\"https:\/\/www.urwanisch.at\/content\/datenschutzerklaerung\/\">Datenschutzerkl\u00e4rung<\/a><\/p>\n<p>[\/vc_column_text][\/vc_column][\/vc_row]<\/p>\n","protected":false},"excerpt":{"rendered":"<p>[vc_row][vc_column][vc_column_text] Malermeister Urwanisch Johann Dunzing 20 4910 Pattigham Telefon Nummer: 07754\/8788 Mobil Nummer: 0676\/3483933 E-Mail: office@urwanisch.at UID-Nr.: ATU53503203 Mitgliedschaft: WKO Ober\u00f6sterreich Firmenbuchgericht: Landesgericht Ried im Innkreis Photos: Brillux, Johann Urwanisch Haftungshinweis: Die Inhalte unserer Seiten wurden mit gr\u00f6\u00dftm\u00f6glicher Sorgfalt erstellt. F\u00fcr die Richtigkeit, Voll\u00adst\u00e4ndigkeit und Aktualit\u00e4t k\u00f6nnen wir jedoch keine Gew\u00e4hr \u00fcbernehmen. Haftungsanspr\u00fcche gegen den<\/p>\n","protected":false},"author":1,"featured_media":0,"parent":0,"menu_order":0,"comment_status":"closed","ping_status":"closed","template":"","meta":{"footnotes":""},"class_list":["post-259","page","type-page","status-publish","hentry"],"_links":{"self":[{"href":"https:\/\/www.urwanisch.at\/content\/wp-json\/wp\/v2\/pages\/259","targetHints":{"allow":["GET"]}}],"collection":[{"href":"https:\/\/www.urwanisch.at\/content\/wp-json\/wp\/v2\/pages"}],"about":[{"href":"https:\/\/www.urwanisch.at\/content\/wp-json\/wp\/v2\/types\/page"}],"author":[{"embeddable":true,"href":"https:\/\/www.urwanisch.at\/content\/wp-json\/wp\/v2\/users\/1"}],"replies":[{"embeddable":true,"href":"https:\/\/www.urwanisch.at\/content\/wp-json\/wp\/v2\/comments?post=259"}],"version-history":[{"count":8,"href":"https:\/\/www.urwanisch.at\/content\/wp-json\/wp\/v2\/pages\/259\/revisions"}],"predecessor-version":[{"id":390,"href":"https:\/\/www.urwanisch.at\/content\/wp-json\/wp\/v2\/pages\/259\/revisions\/390"}],"wp:attachment":[{"href":"https:\/\/www.urwanisch.at\/content\/wp-json\/wp\/v2\/media?parent=259"}],"curies":[{"name":"wp","href":"https:\/\/api.w.org\/{rel}","templated":true}]}}